{"id":82,"date":"2017-05-29T10:59:01","date_gmt":"2017-05-29T10:59:01","guid":{"rendered":"https:\/\/vanessavarelaanimaccions.com\/?page_id=82\/"},"modified":"2026-02-12T15:30:18","modified_gmt":"2026-02-12T15:30:18","slug":"animacciones-infantiles","status":"publish","type":"page","link":"https:\/\/vanessavarelaanimaccions.com\/es\/animacciones-infantiles\/","title":{"rendered":"Animacciones Infantiles"},"content":{"rendered":"[mk_page_section bg_image=\u00bbhttps:\/\/vanessavarelaanimaccions.com\/wp-content\/uploads\/animacciones-infantiles-portada.jpg\u00bb bg_position=\u00bbcenter center\u00bb bg_repeat=\u00bbno-repeat\u00bb bg_stretch=\u00bbtrue\u00bb min_height=\u00bb700&#8243; js_vertical_centered=\u00bbtrue\u00bb padding_top=\u00bb0&#8243; padding_bottom=\u00bb0&#8243; sidebar=\u00bbsidebar-1&#8243;][vc_column][vc_row_inner][vc_column_inner width=\u00bb1\/2&#8243;][vc_column_text el_class=\u00bbtexto-principal-paginas\u00bb css=\u00bb.vc_custom_1770910183216{margin-bottom: 0px !important;}\u00bb]\n<h2>Animacciones infantiles<\/h2>\n<p><strong data-start=\"48\" data-end=\"113\">Espect\u00e1culos y animaciones infantiles para centros educativos<\/strong> (escuelas infantiles, educaci\u00f3n infantil y primaria). Fiestas populares, fiestas de barrio\u2026 Canciones en vivo, bailes, m\u00fasica en directo, din\u00e1micas, globos gigantes.<\/p>\n<h1>\u00a1Nos mueve el coraz\u00f3n!<\/h1>\n[\/vc_column_text][\/vc_column_inner][\/vc_row_inner][\/vc_column][\/mk_page_section][mk_page_section bg_color=\u00bb#fcfbf7&#8243; min_height=\u00bb0&#8243; js_vertical_centered=\u00bbtrue\u00bb padding_top=\u00bb40&#8243; padding_bottom=\u00bb40&#8243; sidebar=\u00bbsidebar-1&#8243;][vc_column][vc_row_inner][vc_column_inner width=\u00bb1\/2&#8243;][vc_empty_space height=\u00bb45px\u00bb][vc_column_text css=\u00bb.vc_custom_1741767476742{margin-bottom: 0px !important;}\u00bb]\n<h2 style=\"text-align: left;\">Centros educativos<\/h2>\n<p>Si quieres llevar una Animacci\u00f3n inolvidable a tu Centro Educativo, ya sea un Colegio o una Guarder\u00eda, no dudes en pedirnos opini\u00f3n. Adecuamos nuestras animaciones a las necesidades de vuestro evento.[\/vc_column_text][mk_button dimension=\u00bbflat\u00bb size=\u00bbmedium\u00bb url=\u00bb\/es\/contacto\/\u00bb margin_right=\u00bb0&#8243; el_class=\u00bbboton-personalizado\u00bb bg_color=\u00bb#c20d19&#8243; btn_hover_bg=\u00bbrgba(194,13,25,0.8)\u00bb btn_hover_txt_color=\u00bb#ffffff\u00bb]Contactar[\/mk_button][\/vc_column_inner][vc_column_inner width=\u00bb1\/2&#8243;][mk_image_slideshow images=\u00bb89,92&#8243; image_width=\u00bb700&#8243; image_height=\u00bb466&#8243;][\/vc_column_inner][\/vc_row_inner][\/vc_column][\/mk_page_section][mk_page_section js_vertical_centered=\u00bbtrue\u00bb padding_top=\u00bb40&#8243; padding_bottom=\u00bb40&#8243; sidebar=\u00bbsidebar-1&#8243;][vc_column][vc_row_inner][vc_column_inner width=\u00bb1\/2&#8243;][mk_image_slideshow images=\u00bb95,96&#8243; image_width=\u00bb700&#8243; image_height=\u00bb466&#8243;][\/vc_column_inner][vc_column_inner width=\u00bb1\/2&#8243;][vc_empty_space height=\u00bb60px\u00bb][vc_column_text css=\u00bb.vc_custom_1770910214183{margin-bottom: 0px !important;}\u00bb]\n<h2 style=\"text-align: left;\">Celebraciones populares<\/h2>\n<p style=\"text-align: left;\">Ll\u00e1manos si deseas sumar una animaci\u00f3n a tu celebraci\u00f3n, \u00a1sea cual sea!<\/p>\n<p style=\"text-align: left;\">Te ofrecemos lo m\u00e1s adecuado para cada ocasi\u00f3n.<\/p>\n[\/vc_column_text][mk_button dimension=\u00bbflat\u00bb size=\u00bbmedium\u00bb url=\u00bb\/es\/contacto\/\u00bb margin_right=\u00bb0&#8243; el_class=\u00bbboton-personalizado\u00bb bg_color=\u00bb#c20d19&#8243; btn_hover_bg=\u00bbrgba(194,13,25,0.8)\u00bb btn_hover_txt_color=\u00bb#ffffff\u00bb]Contactar[\/mk_button][\/vc_column_inner][\/vc_row_inner][\/vc_column][\/mk_page_section][mk_page_section bg_color=\u00bb#fcfbf7&#8243; min_height=\u00bb0&#8243; js_vertical_centered=\u00bbtrue\u00bb padding_top=\u00bb40&#8243; padding_bottom=\u00bb40&#8243; sidebar=\u00bbsidebar-1&#8243;][vc_column][vc_row_inner][vc_column_inner width=\u00bb1\/2&#8243;][vc_empty_space height=\u00bb45px\u00bb][vc_column_text]\n<h2 style=\"text-align: left;\">Talleres (Globoflexia y Maquillaje)<\/h2>\n<p>Puedes a\u00f1adir a tu celebraci\u00f3n cualquiera de estas actividades o contratarlas por separado. \u00a1Preg\u00fantanos![\/vc_column_text][mk_button dimension=\u00bbflat\u00bb size=\u00bbmedium\u00bb url=\u00bb\/es\/contacto\/\u00bb margin_right=\u00bb0&#8243; el_class=\u00bbboton-personalizado\u00bb bg_color=\u00bb#c20d19&#8243; btn_hover_bg=\u00bbrgba(194,13,25,0.8)\u00bb btn_hover_txt_color=\u00bb#ffffff\u00bb]Contactar[\/mk_button][\/vc_column_inner][vc_column_inner width=\u00bb1\/2&#8243;][mk_image_slideshow images=\u00bb170,171,173,172&#8243; image_width=\u00bb700&#8243; image_height=\u00bb466&#8243;][\/vc_column_inner][\/vc_row_inner][\/vc_column][\/mk_page_section]\n","protected":false},"excerpt":{"rendered":"<p>[mk_page_section bg_image=\u00bbhttps:\/\/vanessavarelaanimaccions.com\/wp-content\/uploads\/animacciones-infantiles-portada.jpg\u00bb bg_position=\u00bbcenter center\u00bb bg_repeat=\u00bbno-repeat\u00bb bg_stretch=\u00bbtrue\u00bb min_height=\u00bb700&#8243; js_vertical_centered=\u00bbtrue\u00bb padding_top=\u00bb0&#8243; padding_bottom=\u00bb0&#8243; sidebar=\u00bbsidebar-1&#8243;][vc_column][vc_row_inner][vc_column_inner width=\u00bb1\/2&#8243;][vc_column_text el_class=\u00bbtexto-principal-paginas\u00bb css=\u00bb.vc_custom_1770910183216{margin-bottom: 0px !important;}\u00bb] Animacciones infantiles Espect\u00e1culos y animaciones infantiles para centros educativos (escuelas infantiles, educaci\u00f3n infantil y primaria). Fiestas populares, fiestas de barrio\u2026 Canciones en vivo, bailes, m\u00fasica en directo, din\u00e1micas, globos gigantes. \u00a1Nos mueve el coraz\u00f3n! [\/vc_column_text][\/vc_column_inner][\/vc_row_inner][\/vc_column][\/mk_page_section][mk_page_section bg_color=\u00bb#fcfbf7&#8243; min_height=\u00bb0&#8243; js_vertical_centered=\u00bbtrue\u00bb padding_top=\u00bb40&#8243; [&hellip;]<\/p>\n","protected":false},"author":1,"featured_media":0,"parent":0,"menu_order":0,"comment_status":"closed","ping_status":"closed","template":"","meta":{"inline_featured_image":false},"_links":{"self":[{"href":"https:\/\/vanessavarelaanimaccions.com\/es\/wp-json\/wp\/v2\/pages\/82"}],"collection":[{"href":"https:\/\/vanessavarelaanimaccions.com\/es\/wp-json\/wp\/v2\/pages"}],"about":[{"href":"https:\/\/vanessavarelaanimaccions.com\/es\/wp-json\/wp\/v2\/types\/page"}],"author":[{"embeddable":true,"href":"https:\/\/vanessavarelaanimaccions.com\/es\/wp-json\/wp\/v2\/users\/1"}],"replies":[{"embeddable":true,"href":"https:\/\/vanessavarelaanimaccions.com\/es\/wp-json\/wp\/v2\/comments?post=82"}],"version-history":[{"count":23,"href":"https:\/\/vanessavarelaanimaccions.com\/es\/wp-json\/wp\/v2\/pages\/82\/revisions"}],"predecessor-version":[{"id":644,"href":"https:\/\/vanessavarelaanimaccions.com\/es\/wp-json\/wp\/v2\/pages\/82\/revisions\/644"}],"wp:attachment":[{"href":"https:\/\/vanessavarelaanimaccions.com\/es\/wp-json\/wp\/v2\/media?parent=82"}],"curies":[{"name":"wp","href":"https:\/\/api.w.org\/{rel}","templated":true}]}}