{"id":113,"date":"2017-06-08T15:55:08","date_gmt":"2017-06-08T15:55:08","guid":{"rendered":"https:\/\/vanessavarelaanimaccions.com\/?page_id=113\/"},"modified":"2025-05-05T09:40:56","modified_gmt":"2025-05-05T09:40:56","slug":"musica-en-vivo","status":"publish","type":"page","link":"https:\/\/vanessavarelaanimaccions.com\/es\/musica-en-vivo\/","title":{"rendered":"M\u00fasica en vivo"},"content":{"rendered":"[mk_page_section layout_structure=\u00bbhalf_right\u00bb bg_image=\u00bbhttps:\/\/vanessavarelaanimaccions.com\/wp-content\/uploads\/musica-en-vivo-1.jpg\u00bb bg_color=\u00bb#ffffff\u00bb bg_stretch=\u00bbtrue\u00bb min_height=\u00bb650&#8243; js_vertical_centered=\u00bbtrue\u00bb padding_top=\u00bb30&#8243; padding_bottom=\u00bb30&#8243;][vc_column][vc_column_text el_class=\u00bbtexto-principal-paginas\u00bb css=\u00bb.vc_custom_1699356886341{margin-bottom: 0px !important;}\u00bb]\n<h2>M\u00fasica en Vivo<\/h2>\n<h1>Menudes can\u00e7ons, Arreplegats, 3,2,1&#8230; Animacci\u00f3! Cansongs de Nadal<\/h1>\n[\/vc_column_text][\/vc_column][\/mk_page_section][mk_page_section bg_color=\u00bb#fcfbf7&#8243; sidebar=\u00bbsidebar-1&#8243;][vc_column][vc_empty_space height=\u00bb45px\u00bb][vc_row_inner][vc_column_inner width=\u00bb2\/3&#8243; offset=\u00bbvc_col-lg-offset-2 vc_col-md-offset-2 vc_col-sm-offset-2&#8243;][vc_column_text css=\u00bb.vc_custom_1699356919655{margin-bottom: 0px !important;}\u00bb]\n<h3 style=\"text-align: center;\">M\u00fasica en vivo<\/h3>\n<h2 style=\"text-align: center;\">Vive la m\u00fasica!<\/h2>\n[\/vc_column_text][\/vc_column_inner][\/vc_row_inner][vc_row_inner][vc_column_inner width=\u00bb2\/3&#8243;][vc_column_text css=\u00bb.vc_custom_1699356824842{margin-bottom: 0px !important;}\u00bb]Diferentes espect\u00e1culos en catal\u00e1n y en castellano, con danzas tradicionales, temas cl\u00e1sicos americanos con letras adapatadas en catal\u00e1n, cl\u00e1sicos de disney&#8230; Diferentes formaciones para celebrar Sant Jordi, la Casta\u00f1ada, Cansongs de Nadal&#8230; Ll\u00e1manos y te ofreceremos el mejor para tu celebraci\u00f3n![\/vc_column_text][\/vc_column_inner][vc_column_inner width=\u00bb1\/3&#8243;][\/vc_column_inner][\/vc_row_inner][vc_empty_space height=\u00bb45px\u00bb][\/vc_column][\/mk_page_section][mk_page_section bg_color=\u00bb#ffffff\u00bb min_height=\u00bb0&#8243; js_vertical_centered=\u00bbtrue\u00bb padding_top=\u00bb60&#8243; padding_bottom=\u00bb0&#8243; sidebar=\u00bbsidebar-1&#8243;][vc_column][vc_empty_space height=\u00bb45px\u00bb][vc_row_inner is_fullwidth_content=\u00bbfalse\u00bb][vc_column_inner width=\u00bb2\/3&#8243; offset=\u00bbvc_col-lg-offset-2 vc_col-md-offset-2 vc_col-sm-offset-2&#8243;][vc_column_text css=\u00bb.vc_custom_1699356694153{margin-bottom: 0px !important;}\u00bb]\n<h3 style=\"text-align: center;\">Echa un vistazo a nuestra galer\u00eda<img decoding=\"async\" loading=\"lazy\" class=\" wp-image-13 aligncenter\" src=\"https:\/\/vanessavarelaanimaccions.com\/wp-content\/uploads\/favicon.png\" alt=\"\" width=\"42\" height=\"44\" \/><\/h3>\n[\/vc_column_text][\/vc_column_inner][\/vc_row_inner][vc_media_grid grid_id=\u00bbvc_gid:1699356669208-ecaa7594-1454-10&#8243; include=\u00bb133,132,131,130,129,128,127,126,125&#8243;][\/vc_column][\/mk_page_section]\n","protected":false},"excerpt":{"rendered":"<p>[mk_page_section layout_structure=\u00bbhalf_right\u00bb bg_image=\u00bbhttps:\/\/vanessavarelaanimaccions.com\/wp-content\/uploads\/musica-en-vivo-1.jpg\u00bb bg_color=\u00bb#ffffff\u00bb bg_stretch=\u00bbtrue\u00bb min_height=\u00bb650&#8243; js_vertical_centered=\u00bbtrue\u00bb padding_top=\u00bb30&#8243; padding_bottom=\u00bb30&#8243;][vc_column][vc_column_text el_class=\u00bbtexto-principal-paginas\u00bb css=\u00bb.vc_custom_1699356886341{margin-bottom: 0px !important;}\u00bb] M\u00fasica en Vivo Menudes can\u00e7ons, Arreplegats, 3,2,1&#8230; Animacci\u00f3! Cansongs de Nadal [\/vc_column_text][\/vc_column][\/mk_page_section][mk_page_section bg_color=\u00bb#fcfbf7&#8243; sidebar=\u00bbsidebar-1&#8243;][vc_column][vc_empty_space height=\u00bb45px\u00bb][vc_row_inner][vc_column_inner width=\u00bb2\/3&#8243; offset=\u00bbvc_col-lg-offset-2 vc_col-md-offset-2 vc_col-sm-offset-2&#8243;][vc_column_text css=\u00bb.vc_custom_1699356919655{margin-bottom: 0px !important;}\u00bb] M\u00fasica en vivo Vive la m\u00fasica! [\/vc_column_text][\/vc_column_inner][\/vc_row_inner][vc_row_inner][vc_column_inner width=\u00bb2\/3&#8243;][vc_column_text css=\u00bb.vc_custom_1699356824842{margin-bottom: 0px !important;}\u00bb]Diferentes espect\u00e1culos en catal\u00e1n y en castellano, con danzas tradicionales, [&hellip;]<\/p>\n","protected":false},"author":1,"featured_media":0,"parent":0,"menu_order":0,"comment_status":"closed","ping_status":"closed","template":"","meta":{"inline_featured_image":false},"_links":{"self":[{"href":"https:\/\/vanessavarelaanimaccions.com\/es\/wp-json\/wp\/v2\/pages\/113"}],"collection":[{"href":"https:\/\/vanessavarelaanimaccions.com\/es\/wp-json\/wp\/v2\/pages"}],"about":[{"href":"https:\/\/vanessavarelaanimaccions.com\/es\/wp-json\/wp\/v2\/types\/page"}],"author":[{"embeddable":true,"href":"https:\/\/vanessavarelaanimaccions.com\/es\/wp-json\/wp\/v2\/users\/1"}],"replies":[{"embeddable":true,"href":"https:\/\/vanessavarelaanimaccions.com\/es\/wp-json\/wp\/v2\/comments?post=113"}],"version-history":[{"count":23,"href":"https:\/\/vanessavarelaanimaccions.com\/es\/wp-json\/wp\/v2\/pages\/113\/revisions"}],"predecessor-version":[{"id":412,"href":"https:\/\/vanessavarelaanimaccions.com\/es\/wp-json\/wp\/v2\/pages\/113\/revisions\/412"}],"wp:attachment":[{"href":"https:\/\/vanessavarelaanimaccions.com\/es\/wp-json\/wp\/v2\/media?parent=113"}],"curies":[{"name":"wp","href":"https:\/\/api.w.org\/{rel}","templated":true}]}}